{"id":950,"date":"2023-10-20T22:50:17","date_gmt":"2023-10-20T20:50:17","guid":{"rendered":"https:\/\/8-degrees-east.com\/penetration-du-marche-et-acces-privilegie\/"},"modified":"2023-12-19T16:05:12","modified_gmt":"2023-12-19T15:05:12","slug":"penetration-du-marche-et-acces-privilegie","status":"publish","type":"page","link":"https:\/\/8-degrees-east.com\/fr\/penetration-du-marche-et-acces-privilegie\/","title":{"rendered":"P\u00e9n\u00e9tration du march\u00e9 et acc\u00e8s privil\u00e9gi\u00e9"},"content":{"rendered":"","protected":false},"excerpt":{"rendered":"","protected":false},"author":1,"featured_media":0,"parent":0,"menu_order":0,"comment_status":"closed","ping_status":"closed","template":"","meta":{"content-type":"","om_disable_all_campaigns":false,"_monsterinsights_skip_tracking":false,"_monsterinsights_sitenote_active":false,"_monsterinsights_sitenote_note":"","_monsterinsights_sitenote_category":0,"footnotes":""},"aioseo_notices":[],"_links":{"self":[{"href":"https:\/\/8-degrees-east.com\/fr\/wp-json\/wp\/v2\/pages\/950"}],"collection":[{"href":"https:\/\/8-degrees-east.com\/fr\/wp-json\/wp\/v2\/pages"}],"about":[{"href":"https:\/\/8-degrees-east.com\/fr\/wp-json\/wp\/v2\/types\/page"}],"author":[{"embeddable":true,"href":"https:\/\/8-degrees-east.com\/fr\/wp-json\/wp\/v2\/users\/1"}],"replies":[{"embeddable":true,"href":"https:\/\/8-degrees-east.com\/fr\/wp-json\/wp\/v2\/comments?post=950"}],"version-history":[{"count":3,"href":"https:\/\/8-degrees-east.com\/fr\/wp-json\/wp\/v2\/pages\/950\/revisions"}],"predecessor-version":[{"id":954,"href":"https:\/\/8-degrees-east.com\/fr\/wp-json\/wp\/v2\/pages\/950\/revisions\/954"}],"wp:attachment":[{"href":"https:\/\/8-degrees-east.com\/fr\/wp-json\/wp\/v2\/media?parent=950"}],"curies":[{"name":"wp","href":"https:\/\/api.w.org\/{rel}","templated":true}]}}